{"id":5,"date":"2024-04-28T23:37:22","date_gmt":"2024-04-28T21:37:22","guid":{"rendered":"http:\/\/test.roterdrache.org\/?page_id=5"},"modified":"2025-10-05T20:35:15","modified_gmt":"2025-10-05T18:35:15","slug":"novitaeten","status":"publish","type":"page","link":"https:\/\/www.roterdrache.org\/cms\/","title":{"rendered":"Neuheiten in andere Welten"},"content":{"rendered":"\t\t<div data-elementor-type=\"wp-page\" data-elementor-id=\"5\" class=\"elementor elementor-5\">\n\t\t\t\t<div class=\"elementor-element elementor-element-7e4f97 e-flex e-con-boxed e-con e-parent\" data-id=\"7e4f97\" data-element_type=\"container\">\n\t\t\t\t\t<div class=\"e-con-inner\">\n\t\t\t\t<div class=\"elementor-element elementor-element-2eaa0f7 elementor-widget elementor-widget-heading\" data-id=\"2eaa0f7\" data-element_type=\"widget\" data-widget_type=\"heading.default\">\n\t\t\t\t<div class=\"elementor-widget-container\">\n\t\t\t<style>\/*! elementor - v3.23.0 - 05-08-2024 *\/\n.elementor-heading-title{padding:0;margin:0;line-height:1}.elementor-widget-heading .elementor-heading-title[class*=elementor-size-]>a{color:inherit;font-size:inherit;line-height:inherit}.elementor-widget-heading .elementor-heading-title.elementor-size-small{font-size:15px}.elementor-widget-heading .elementor-heading-title.elementor-size-medium{font-size:19px}.elementor-widget-heading .elementor-heading-title.elementor-size-large{font-size:29px}.elementor-widget-heading .elementor-heading-title.elementor-size-xl{font-size:39px}.elementor-widget-heading .elementor-heading-title.elementor-size-xxl{font-size:59px}<\/style><h2 class=\"elementor-heading-title elementor-size-default\">Neuheiten in andere Welten<\/h2>\t\t<\/div>\n\t\t\t\t<\/div>\n\t\t<div class=\"elementor-element elementor-element-55e6064 e-con-full e-flex e-con e-child\" data-id=\"55e6064\" data-element_type=\"container\">\n\t\t\t\t<div class=\"elementor-element elementor-element-a70351a elementor-widget__width-initial elementor-widget elementor-widget-image\" data-id=\"a70351a\" data-element_type=\"widget\" data-widget_type=\"image.default\">\n\t\t\t\t<div class=\"elementor-widget-container\">\n\t\t\t<style>\/*! elementor - v3.23.0 - 05-08-2024 *\/\n.elementor-widget-image{text-align:center}.elementor-widget-image a{display:inline-block}.elementor-widget-image a img[src$=\".svg\"]{width:48px}.elementor-widget-image img{vertical-align:middle;display:inline-block}<\/style>\t\t\t\t\t\t\t\t\t\t\t<a href=\"https:\/\/www.roterdrache.org\/catalog\/Belletristik-Roman-Satire\/Bestien-der-Nacht::366.html\">\n\t\t\t\t\t\t\t<img fetchpriority=\"high\" decoding=\"async\" width=\"693\" height=\"1024\" src=\"https:\/\/www.roterdrache.org\/cms\/wp-content\/uploads\/2025\/07\/Midgard-Sage-Joetunheim-2-693x1024.jpg\" class=\"attachment-large size-large wp-image-5338\" alt=\"Midgard - Sage - Joetunheim. Frau mit Schwert und Wolf im HIntergrund\" srcset=\"https:\/\/www.roterdrache.org\/cms\/wp-content\/uploads\/2025\/07\/Midgard-Sage-Joetunheim-2-693x1024.jpg 693w, https:\/\/www.roterdrache.org\/cms\/wp-content\/uploads\/2025\/07\/Midgard-Sage-Joetunheim-2-203x300.jpg 203w, https:\/\/www.roterdrache.org\/cms\/wp-content\/uploads\/2025\/07\/Midgard-Sage-Joetunheim-2-768x1135.jpg 768w, https:\/\/www.roterdrache.org\/cms\/wp-content\/uploads\/2025\/07\/Midgard-Sage-Joetunheim-2-1040x1536.jpg 1040w, https:\/\/www.roterdrache.org\/cms\/wp-content\/uploads\/2025\/07\/Midgard-Sage-Joetunheim-2-1386x2048.jpg 1386w, https:\/\/www.roterdrache.org\/cms\/wp-content\/uploads\/2025\/07\/Midgard-Sage-Joetunheim-2.jpg 1655w\" sizes=\"(max-width: 693px) 100vw, 693px\" \/>\t\t\t\t\t\t\t\t<\/a>\n\t\t\t\t\t\t\t\t\t\t\t\t\t<\/div>\n\t\t\t\t<\/div>\n\t\t<div class=\"elementor-element elementor-element-fa02ac1 e-flex e-con-boxed e-con e-child\" data-id=\"fa02ac1\" data-element_type=\"container\">\n\t\t\t\t\t<div class=\"e-con-inner\">\n\t\t\t\t<div class=\"elementor-element elementor-element-f58de75 elementor-align-center elementor-widget__width-inherit elementor-widget elementor-widget-button\" data-id=\"f58de75\" data-element_type=\"widget\" data-widget_type=\"button.default\">\n\t\t\t\t<div class=\"elementor-widget-container\">\n\t\t\t\t\t<div class=\"elementor-button-wrapper\">\n\t\t\t<a class=\"elementor-button elementor-button-link elementor-size-sm elementor-animation-shrink\" href=\"https:\/\/www.roterdrache.org\/catalog\/Asatru-Heidentum\/Die-Midgard-Saga-Joetunheim::413.html\">\n\t\t\t\t\t\t<span class=\"elementor-button-content-wrapper\">\n\t\t\t\t\t\t<span class=\"elementor-button-icon\">\n\t\t\t\t<svg aria-hidden=\"true\" class=\"e-font-icon-svg e-fas-bullhorn\" viewBox=\"0 0 576 512\" xmlns=\"http:\/\/www.w3.org\/2000\/svg\"><path d=\"M576 240c0-23.63-12.95-44.04-32-55.12V32.01C544 23.26 537.02 0 512 0c-7.12 0-14.19 2.38-19.98 7.02l-85.03 68.03C364.28 109.19 310.66 128 256 128H64c-35.35 0-64 28.65-64 64v96c0 35.35 28.65 64 64 64h33.7c-1.39 10.48-2.18 21.14-2.18 32 0 39.77 9.26 77.35 25.56 110.94 5.19 10.69 16.52 17.06 28.4 17.06h74.28c26.05 0 41.69-29.84 25.9-50.56-16.4-21.52-26.15-48.36-26.15-77.44 0-11.11 1.62-21.79 4.41-32H256c54.66 0 108.28 18.81 150.98 52.95l85.03 68.03a32.023 32.023 0 0 0 19.98 7.02c24.92 0 32-22.78 32-32V295.13C563.05 284.04 576 263.63 576 240zm-96 141.42l-33.05-26.44C392.95 311.78 325.12 288 256 288v-96c69.12 0 136.95-23.78 190.95-66.98L480 98.58v282.84z\"><\/path><\/svg>\t\t\t<\/span>\n\t\t\t\t\t\t\t\t\t<span class=\"elementor-button-text\">Vorbestellen<\/span>\n\t\t\t\t\t<\/span>\n\t\t\t\t\t<\/a>\n\t\t<\/div>\n\t\t\t\t<\/div>\n\t\t\t\t<\/div>\n\t\t\t\t<div class=\"elementor-element elementor-element-1ea4a82 elementor-widget__width-initial elementor-widget elementor-widget-text-editor\" data-id=\"1ea4a82\" data-element_type=\"widget\" data-widget_type=\"text-editor.default\">\n\t\t\t\t<div class=\"elementor-widget-container\">\n\t\t\t<style>\/*! elementor - v3.23.0 - 05-08-2024 *\/\n.elementor-widget-text-editor.elementor-drop-cap-view-stacked .elementor-drop-cap{background-color:#69727d;color:#fff}.elementor-widget-text-editor.elementor-drop-cap-view-framed .elementor-drop-cap{color:#69727d;border:3px solid;background-color:transparent}.elementor-widget-text-editor:not(.elementor-drop-cap-view-default) .elementor-drop-cap{margin-top:8px}.elementor-widget-text-editor:not(.elementor-drop-cap-view-default) .elementor-drop-cap-letter{width:1em;height:1em}.elementor-widget-text-editor .elementor-drop-cap{float:left;text-align:center;line-height:1;font-size:50px}.elementor-widget-text-editor .elementor-drop-cap-letter{display:inline-block}<\/style>\t\t\t\t<h3 class=\"sn-text-large app-box app-box--fixed\" data-cy=\"project-subtitle\"><span style=\"color: #434343; font-family: arimoregular, sans-serif; font-size: 14px; font-weight: 400; background-color: #ffffff;\">Kaum ein Jahr ist seit ihrem letzten Abenteuer an der Seite der G\u00f6tter vergangen, da bittet Wal-Freya erneut um Theas Hilfe.<\/span><br style=\"margin-top: 0px; margin-right: 0px; margin-left: 0px; padding: 0px; color: #434343; font-family: arimoregular, sans-serif; font-size: 14px; font-weight: 400; background-color: #ffffff;\" \/><span style=\"color: #434343; font-family: arimoregular, sans-serif; font-size: 14px; font-weight: 400; background-color: #ffffff;\">Der Fenriswolf, der einer \u00dcberlieferung nach dem G\u00f6ttervater den Tod bringen wird, ist entkommen. Steckt dahinter wieder einer von Lokis finsteren Pl\u00e4nen?<\/span><br style=\"margin-top: 0px; margin-right: 0px; margin-left: 0px; padding: 0px; color: #434343; font-family: arimoregular, sans-serif; font-size: 14px; font-weight: 400; background-color: #ffffff;\" \/><span style=\"color: #434343; font-family: arimoregular, sans-serif; font-size: 14px; font-weight: 400; background-color: #ffffff;\">\u00a0<\/span><br style=\"margin-top: 0px; margin-right: 0px; margin-left: 0px; padding: 0px; color: #434343; font-family: arimoregular, sans-serif; font-size: 14px; font-weight: 400; background-color: #ffffff;\" \/><span style=\"color: #434343; font-family: arimoregular, sans-serif; font-size: 14px; font-weight: 400; background-color: #ffffff;\">Zusammen mit den G\u00f6ttern Wal-Freya und Thor machen sich die Freunde um Thea erneut auf den Weg, die Prophezeiungen auf die Probe zu stellen. Dass ihr Leben tiefer mit dem Schicksal der G\u00f6tter verwoben ist, als zun\u00e4chst angenommen, wird Thea bald klar.<\/span><br style=\"margin-top: 0px; margin-right: 0px; margin-left: 0px; padding: 0px; color: #434343; font-family: arimoregular, sans-serif; font-size: 14px; font-weight: 400; background-color: #ffffff;\" \/><span style=\"color: #434343; font-family: arimoregular, sans-serif; font-size: 14px; font-weight: 400; background-color: #ffffff;\">\u00a0<\/span><br style=\"margin-top: 0px; margin-right: 0px; margin-left: 0px; padding: 0px; color: #434343; font-family: arimoregular, sans-serif; font-size: 14px; font-weight: 400; background-color: #ffffff;\" \/><span style=\"color: #434343; font-family: arimoregular, sans-serif; font-size: 14px; font-weight: 400; background-color: #ffffff;\">Auch, dass sie es schwer haben wird, je wieder in ihr altes Leben zur\u00fcckzufinden\u00a0<\/span><ins style=\"margin-bottom: 0px; color: #434343; font-family: arimoregular, sans-serif; font-size: 14px; font-weight: 400; background-color: #ffffff;\">\u2026<\/ins><br style=\"margin-top: 0px; margin-right: 0px; margin-left: 0px; padding: 0px; color: #434343; font-family: arimoregular, sans-serif; font-size: 14px; font-weight: 400; background-color: #ffffff;\" \/><span style=\"color: #434343; font-family: arimoregular, sans-serif; font-size: 14px; font-weight: 400; background-color: #ffffff;\">\u00a0<\/span><br style=\"margin-top: 0px; margin-right: 0px; margin-left: 0px; padding: 0px; color: #434343; font-family: arimoregular, sans-serif; font-size: 14px; font-weight: 400; background-color: #ffffff;\" \/><span style=\"color: #434343; font-family: arimoregular, sans-serif; font-size: 14px; font-weight: 400; background-color: #ffffff;\">J\u00d6TUNHEIM ist Band 2 einer neunteiligen Abenteuerreise quer durch die neun Welten der nordischen Mythologie.<\/span><\/h3>\t\t\t\t\t\t<\/div>\n\t\t\t\t<\/div>\n\t\t\t\t\t<\/div>\n\t\t\t\t<\/div>\n\t\t\t\t<\/div>\n\t\t<div class=\"elementor-element elementor-element-1fc12f8 e-con-full e-flex e-con e-child\" data-id=\"1fc12f8\" data-element_type=\"container\">\n\t\t\t\t<div class=\"elementor-element elementor-element-12a5954 elementor-widget-divider--separator-type-pattern elementor-widget-divider--no-spacing elementor-widget-divider--view-line elementor-widget elementor-widget-divider\" data-id=\"12a5954\" data-element_type=\"widget\" data-widget_type=\"divider.default\">\n\t\t\t\t<div class=\"elementor-widget-container\">\n\t\t\t<style>\/*! elementor - v3.23.0 - 05-08-2024 *\/\n.elementor-widget-divider{--divider-border-style:none;--divider-border-width:1px;--divider-color:#0c0d0e;--divider-icon-size:20px;--divider-element-spacing:10px;--divider-pattern-height:24px;--divider-pattern-size:20px;--divider-pattern-url:none;--divider-pattern-repeat:repeat-x}.elementor-widget-divider .elementor-divider{display:flex}.elementor-widget-divider .elementor-divider__text{font-size:15px;line-height:1;max-width:95%}.elementor-widget-divider .elementor-divider__element{margin:0 var(--divider-element-spacing);flex-shrink:0}.elementor-widget-divider .elementor-icon{font-size:var(--divider-icon-size)}.elementor-widget-divider .elementor-divider-separator{display:flex;margin:0;direction:ltr}.elementor-widget-divider--view-line_icon .elementor-divider-separator,.elementor-widget-divider--view-line_text .elementor-divider-separator{align-items:center}.elementor-widget-divider--view-line_icon .elementor-divider-separator:after,.elementor-widget-divider--view-line_icon .elementor-divider-separator:before,.elementor-widget-divider--view-line_text .elementor-divider-separator:after,.elementor-widget-divider--view-line_text .elementor-divider-separator:before{display:block;content:\"\";border-block-end:0;flex-grow:1;border-block-start:var(--divider-border-width) var(--divider-border-style) var(--divider-color)}.elementor-widget-divider--element-align-left .elementor-divider .elementor-divider-separator>.elementor-divider__svg:first-of-type{flex-grow:0;flex-shrink:100}.elementor-widget-divider--element-align-left .elementor-divider-separator:before{content:none}.elementor-widget-divider--element-align-left .elementor-divider__element{margin-left:0}.elementor-widget-divider--element-align-right .elementor-divider .elementor-divider-separator>.elementor-divider__svg:last-of-type{flex-grow:0;flex-shrink:100}.elementor-widget-divider--element-align-right .elementor-divider-separator:after{content:none}.elementor-widget-divider--element-align-right .elementor-divider__element{margin-right:0}.elementor-widget-divider--element-align-start .elementor-divider .elementor-divider-separator>.elementor-divider__svg:first-of-type{flex-grow:0;flex-shrink:100}.elementor-widget-divider--element-align-start .elementor-divider-separator:before{content:none}.elementor-widget-divider--element-align-start .elementor-divider__element{margin-inline-start:0}.elementor-widget-divider--element-align-end .elementor-divider .elementor-divider-separator>.elementor-divider__svg:last-of-type{flex-grow:0;flex-shrink:100}.elementor-widget-divider--element-align-end .elementor-divider-separator:after{content:none}.elementor-widget-divider--element-align-end .elementor-divider__element{margin-inline-end:0}.elementor-widget-divider:not(.elementor-widget-divider--view-line_text):not(.elementor-widget-divider--view-line_icon) .elementor-divider-separator{border-block-start:var(--divider-border-width) var(--divider-border-style) var(--divider-color)}.elementor-widget-divider--separator-type-pattern{--divider-border-style:none}.elementor-widget-divider--separator-type-pattern.elementor-widget-divider--view-line .elementor-divider-separator,.elementor-widget-divider--separator-type-pattern:not(.elementor-widget-divider--view-line) .elementor-divider-separator:after,.elementor-widget-divider--separator-type-pattern:not(.elementor-widget-divider--view-line) .elementor-divider-separator:before,.elementor-widget-divider--separator-type-pattern:not([class*=elementor-widget-divider--view]) .elementor-divider-separator{width:100%;min-height:var(--divider-pattern-height);-webkit-mask-size:var(--divider-pattern-size) 100%;mask-size:var(--divider-pattern-size) 100%;-webkit-mask-repeat:var(--divider-pattern-repeat);mask-repeat:var(--divider-pattern-repeat);background-color:var(--divider-color);-webkit-mask-image:var(--divider-pattern-url);mask-image:var(--divider-pattern-url)}.elementor-widget-divider--no-spacing{--divider-pattern-size:auto}.elementor-widget-divider--bg-round{--divider-pattern-repeat:round}.rtl .elementor-widget-divider .elementor-divider__text{direction:rtl}.e-con-inner>.elementor-widget-divider,.e-con>.elementor-widget-divider{width:var(--container-widget-width,100%);--flex-grow:var(--container-widget-flex-grow)}<\/style>\t\t<div class=\"elementor-divider\" style=\"--divider-pattern-url: url(&quot;data:image\/svg+xml,%3Csvg xmlns=&#039;http:\/\/www.w3.org\/2000\/svg&#039; preserveAspectRatio=&#039;none&#039; overflow=&#039;visible&#039; height=&#039;100%&#039; viewBox=&#039;0 0 24 24&#039; fill=&#039;black&#039; stroke=&#039;none&#039;%3E%3Cpath d=&#039;M24,8v12H0V8H24z M24,4v1H0V4H24z&#039;\/%3E%3C\/svg%3E&quot;);\">\n\t\t\t<span class=\"elementor-divider-separator\">\n\t\t\t\t\t\t<\/span>\n\t\t<\/div>\n\t\t\t\t<\/div>\n\t\t\t\t<\/div>\n\t\t\t\t<\/div>\n\t\t<div class=\"elementor-element elementor-element-1c00786 e-con-full e-flex e-con e-child\" data-id=\"1c00786\" data-element_type=\"container\">\n\t\t\t\t<div class=\"elementor-element elementor-element-a7887b9 elementor-widget__width-initial elementor-widget elementor-widget-image\" data-id=\"a7887b9\" data-element_type=\"widget\" data-widget_type=\"image.default\">\n\t\t\t\t<div class=\"elementor-widget-container\">\n\t\t\t\t\t\t\t\t\t\t\t\t\t\t<a href=\"https:\/\/www.roterdrache.org\/catalog\/Kinder-und-Jugendbuecher\/Pampiger-Puderzucker::414.html\">\n\t\t\t\t\t\t\t<img decoding=\"async\" width=\"516\" height=\"722\" src=\"https:\/\/www.roterdrache.org\/cms\/wp-content\/uploads\/2025\/07\/Pampiger-Puderzucker.jpg\" class=\"attachment-large size-large wp-image-5367\" alt=\"Pampiger Puderzucker - Kinder im Weihnachtsschlitten\" srcset=\"https:\/\/www.roterdrache.org\/cms\/wp-content\/uploads\/2025\/07\/Pampiger-Puderzucker.jpg 516w, https:\/\/www.roterdrache.org\/cms\/wp-content\/uploads\/2025\/07\/Pampiger-Puderzucker-214x300.jpg 214w\" sizes=\"(max-width: 516px) 100vw, 516px\" \/>\t\t\t\t\t\t\t\t<\/a>\n\t\t\t\t\t\t\t\t\t\t\t\t\t<\/div>\n\t\t\t\t<\/div>\n\t\t<div class=\"elementor-element elementor-element-0a0fc7d e-flex e-con-boxed e-con e-child\" data-id=\"0a0fc7d\" data-element_type=\"container\">\n\t\t\t\t\t<div class=\"e-con-inner\">\n\t\t\t\t<div class=\"elementor-element elementor-element-510eed2 elementor-align-center elementor-widget__width-inherit elementor-widget elementor-widget-button\" data-id=\"510eed2\" data-element_type=\"widget\" data-widget_type=\"button.default\">\n\t\t\t\t<div class=\"elementor-widget-container\">\n\t\t\t\t\t<div class=\"elementor-button-wrapper\">\n\t\t\t<a class=\"elementor-button elementor-button-link elementor-size-sm elementor-animation-shrink\" href=\"https:\/\/www.roterdrache.org\/catalog\/Asatru-Heidentum\/Die-Midgard-Saga-Joetunheim::413.html\">\n\t\t\t\t\t\t<span class=\"elementor-button-content-wrapper\">\n\t\t\t\t\t\t<span class=\"elementor-button-icon\">\n\t\t\t\t<svg aria-hidden=\"true\" class=\"e-font-icon-svg e-fas-bullhorn\" viewBox=\"0 0 576 512\" xmlns=\"http:\/\/www.w3.org\/2000\/svg\"><path d=\"M576 240c0-23.63-12.95-44.04-32-55.12V32.01C544 23.26 537.02 0 512 0c-7.12 0-14.19 2.38-19.98 7.02l-85.03 68.03C364.28 109.19 310.66 128 256 128H64c-35.35 0-64 28.65-64 64v96c0 35.35 28.65 64 64 64h33.7c-1.39 10.48-2.18 21.14-2.18 32 0 39.77 9.26 77.35 25.56 110.94 5.19 10.69 16.52 17.06 28.4 17.06h74.28c26.05 0 41.69-29.84 25.9-50.56-16.4-21.52-26.15-48.36-26.15-77.44 0-11.11 1.62-21.79 4.41-32H256c54.66 0 108.28 18.81 150.98 52.95l85.03 68.03a32.023 32.023 0 0 0 19.98 7.02c24.92 0 32-22.78 32-32V295.13C563.05 284.04 576 263.63 576 240zm-96 141.42l-33.05-26.44C392.95 311.78 325.12 288 256 288v-96c69.12 0 136.95-23.78 190.95-66.98L480 98.58v282.84z\"><\/path><\/svg>\t\t\t<\/span>\n\t\t\t\t\t\t\t\t\t<span class=\"elementor-button-text\">Vorbestellen<\/span>\n\t\t\t\t\t<\/span>\n\t\t\t\t\t<\/a>\n\t\t<\/div>\n\t\t\t\t<\/div>\n\t\t\t\t<\/div>\n\t\t\t\t<div class=\"elementor-element elementor-element-1ca77a7 elementor-widget__width-initial elementor-widget elementor-widget-text-editor\" data-id=\"1ca77a7\" data-element_type=\"widget\" data-widget_type=\"text-editor.default\">\n\t\t\t\t<div class=\"elementor-widget-container\">\n\t\t\t\t\t\t\t<p class=\"WW-Standard\">Die siebenj\u00e4hrige Nami hat nur einen einzigen Wunsch zu Weihnachten: Endlich einmal Heiligabend mit beiden Eltern feiern! Doch wie jedes Jahr muss Mama ausgerechnet an diesem Tag arbeiten.<\/p><p class=\"WW-Standard\">Nami ist entt\u00e4uscht, doch dann entdeckt sie in Mamas marzipanduftigem Arbeitszimmer eine versteckte T\u00fcr hinter dem B\u00fccherregal. Der geheime Gang f\u00fchrt zu einer zauberhaften Arbeitsst\u00e4tte mit kichernden Weihnachtskugeln, einer Spielzeugeisenbahn, die mit Spekulatius beladen ist, und jeder Menge kleiner Wesen, die schrecklich besch\u00e4ftigt sind. Schnell erf\u00e4hrt Nami: Das ist die Weihnachtswerkstatt! Ob das etwas damit zu tun hat, dass Mama ausgerechnet zu Heiligabend nie Zeit hat?\u00a0<\/p><p class=\"WW-Standard\">Jasmin Zipperling (Text)<br \/>Esther Wagner (Illustrationen)<br \/><strong>Pampiger Puderzucker!<\/strong><br \/>66 Seiten, farbig illustriert,\u00a0<br \/>17 x 24 cm, Hardcover<\/p>\t\t\t\t\t\t<\/div>\n\t\t\t\t<\/div>\n\t\t\t\t\t<\/div>\n\t\t\t\t<\/div>\n\t\t\t\t<\/div>\n\t\t<div class=\"elementor-element elementor-element-f75dc63 e-con-full e-flex e-con e-child\" data-id=\"f75dc63\" data-element_type=\"container\">\n\t\t\t\t<div class=\"elementor-element elementor-element-a77a9dd elementor-widget-divider--separator-type-pattern elementor-widget-divider--no-spacing elementor-widget-divider--view-line elementor-widget elementor-widget-divider\" data-id=\"a77a9dd\" data-element_type=\"widget\" data-widget_type=\"divider.default\">\n\t\t\t\t<div class=\"elementor-widget-container\">\n\t\t\t\t\t<div class=\"elementor-divider\" style=\"--divider-pattern-url: url(&quot;data:image\/svg+xml,%3Csvg xmlns=&#039;http:\/\/www.w3.org\/2000\/svg&#039; preserveAspectRatio=&#039;none&#039; overflow=&#039;visible&#039; height=&#039;100%&#039; viewBox=&#039;0 0 24 24&#039; fill=&#039;black&#039; stroke=&#039;none&#039;%3E%3Cpath d=&#039;M24,8v12H0V8H24z M24,4v1H0V4H24z&#039;\/%3E%3C\/svg%3E&quot;);\">\n\t\t\t<span class=\"elementor-divider-separator\">\n\t\t\t\t\t\t<\/span>\n\t\t<\/div>\n\t\t\t\t<\/div>\n\t\t\t\t<\/div>\n\t\t\t\t<\/div>\n\t\t<div class=\"elementor-element elementor-element-bd01ea5 e-con-full e-flex e-con e-child\" data-id=\"bd01ea5\" data-element_type=\"container\">\n\t\t<div class=\"elementor-element elementor-element-7bc07c8 e-flex e-con-boxed e-con e-child\" data-id=\"7bc07c8\" data-element_type=\"container\">\n\t\t\t\t\t<div class=\"e-con-inner\">\n\t\t\t\t<div class=\"elementor-element elementor-element-8ba1ce9 elementor-widget__width-initial elementor-widget elementor-widget-text-editor\" data-id=\"8ba1ce9\" data-element_type=\"widget\" data-widget_type=\"text-editor.default\">\n\t\t\t\t<div class=\"elementor-widget-container\">\n\t\t\t\t\t\t\t<p><strong>Willkommen in Lerora \u2013 der Stadt, in der das Leben des Einzelnen nichts z\u00e4hlt und Hoffnung eine rare W\u00e4hrung ist.<\/strong><br \/>\u00a0<br \/>Bram verbringt seine alten Tage zur\u00fcckgezogen in Erinnerungen fr\u00fcherer Zeiten. Der einzige Lichtblick, der seine Einsamkeit aufhellt, sind die Besuche seines Sohnes Liam. Doch als dieser eines Tages ermordet aufgefunden wird, bricht all das in sich zusammen, und unvermittelt holen ihn die Geister der Vergangenheit ein.<br \/><br \/>Auria k\u00e4mpft jeden einzelnen Tag um ihr \u00dcberleben in den brutalen Fesseln der Prostitution. Hoffnung ist ein rares Gut, das in der Grausamkeit der rot erleuchteten Kammern zu einem L\u00e4cheln \u00fcberschminkt wird. Bis sich eines Tages eine T\u00fcr \u00f6ffnet, die sie f\u00fcr immer verschlossen geglaubt hat, und die Gewalt diejenigen einholt, die sie s\u00e4en \u2026<br \/><br \/>Gareth, gepr\u00e4gt von einem Leben zwischen Gewalt und Verbrechen, ermittelt in den Untiefen der Gassen der Metropole in einem Fall, der ihn tiefer in die Eingeweide der menschlichen Abgr\u00fcnde f\u00fchrt als je zuvor. Auch sein makabrer Zynismus kann nicht verhehlen, dass er sich auf einen Pfad begibt, der eine Pr\u00fcfung darstellen wird: Kann er seiner Aufgabe als Polizist treu bleiben? Oder wird er verschlungen werden von dem, was zu bek\u00e4mpfen er geschworen hat?<br \/><br \/>In dieser von Narben gezeichneten Stadt sind ihre Schicksale miteinander verwoben, und keiner kann sich dem Sog entziehen, den der Tod eines Einzelnen verursacht hat.<br \/>\u00a0<br \/><strong>Band 1 einer packenden Thriller-Reihe \u2013 intensiv, d\u00fcster und psychologisch fesselnd.<\/strong><br \/>F\u00fcr Fans von tiefgr\u00fcndiger Spannung und atmosph\u00e4rischem Worldbuilding.<\/p>\t\t\t\t\t\t<\/div>\n\t\t\t\t<\/div>\n\t\t\t\t<div class=\"elementor-element elementor-element-aa3bd0b elementor-align-center elementor-widget__width-inherit elementor-widget elementor-widget-button\" data-id=\"aa3bd0b\" data-element_type=\"widget\" data-widget_type=\"button.default\">\n\t\t\t\t<div class=\"elementor-widget-container\">\n\t\t\t\t\t<div class=\"elementor-button-wrapper\">\n\t\t\t<a class=\"elementor-button elementor-button-link elementor-size-sm elementor-animation-shrink\" href=\"https:\/\/www.roterdrache.org\/catalog\/Belletristik-Roman-Satire\/Lerora-Geschichten-einer-Stadt::412.html\" target=\"_blank\" rel=\"nofollow\">\n\t\t\t\t\t\t<span class=\"elementor-button-content-wrapper\">\n\t\t\t\t\t\t<span class=\"elementor-button-icon\">\n\t\t\t\t<svg aria-hidden=\"true\" class=\"e-font-icon-svg e-fas-book-open\" viewBox=\"0 0 576 512\" xmlns=\"http:\/\/www.w3.org\/2000\/svg\"><path d=\"M542.22 32.05c-54.8 3.11-163.72 14.43-230.96 55.59-4.64 2.84-7.27 7.89-7.27 13.17v363.87c0 11.55 12.63 18.85 23.28 13.49 69.18-34.82 169.23-44.32 218.7-46.92 16.89-.89 30.02-14.43 30.02-30.66V62.75c.01-17.71-15.35-31.74-33.77-30.7zM264.73 87.64C197.5 46.48 88.58 35.17 33.78 32.05 15.36 31.01 0 45.04 0 62.75V400.6c0 16.24 13.13 29.78 30.02 30.66 49.49 2.6 149.59 12.11 218.77 46.95 10.62 5.35 23.21-1.94 23.21-13.46V100.63c0-5.29-2.62-10.14-7.27-12.99z\"><\/path><\/svg>\t\t\t<\/span>\n\t\t\t\t\t\t\t\t\t<span class=\"elementor-button-text\">Shop<\/span>\n\t\t\t\t\t<\/span>\n\t\t\t\t\t<\/a>\n\t\t<\/div>\n\t\t\t\t<\/div>\n\t\t\t\t<\/div>\n\t\t\t\t\t<\/div>\n\t\t\t\t<\/div>\n\t\t\t\t<div class=\"elementor-element elementor-element-b4bba72 elementor-widget__width-initial elementor-widget elementor-widget-image\" data-id=\"b4bba72\" data-element_type=\"widget\" data-widget_type=\"image.default\">\n\t\t\t\t<div class=\"elementor-widget-container\">\n\t\t\t\t\t\t\t\t\t\t\t\t\t\t<a href=\"https:\/\/www.roterdrache.org\/catalog\/Belletristik-Roman-Satire\/Lerora-Geschichten-einer-Stadt::412.html\">\n\t\t\t\t\t\t\t<img decoding=\"async\" width=\"697\" height=\"712\" src=\"https:\/\/www.roterdrache.org\/cms\/wp-content\/uploads\/2025\/07\/Lerora-Geschichten-einer-Stadt-1.jpg\" class=\"attachment-large size-large wp-image-5348\" alt=\"\" srcset=\"https:\/\/www.roterdrache.org\/cms\/wp-content\/uploads\/2025\/07\/Lerora-Geschichten-einer-Stadt-1.jpg 697w, https:\/\/www.roterdrache.org\/cms\/wp-content\/uploads\/2025\/07\/Lerora-Geschichten-einer-Stadt-1-294x300.jpg 294w\" sizes=\"(max-width: 697px) 100vw, 697px\" \/>\t\t\t\t\t\t\t\t<\/a>\n\t\t\t\t\t\t\t\t\t\t\t\t\t<\/div>\n\t\t\t\t<\/div>\n\t\t\t\t<\/div>\n\t\t\t\t\t<\/div>\n\t\t\t\t<\/div>\n\t\t\t\t<\/div>\n\t\t","protected":false},"excerpt":{"rendered":"<p>Neuheiten in andere Welten Vorbestellen Kaum ein Jahr ist seit ihrem letzten Abenteuer an der Seite der G\u00f6tter vergangen, da bittet Wal-Freya erneut um Theas Hilfe.Der Fenriswolf, der einer \u00dcberlieferung<\/p>\n<p><a class=\"more-link\" href=\"https:\/\/www.roterdrache.org\/cms\/\">Read more<\/a><\/p>\n","protected":false},"author":2,"featured_media":0,"parent":0,"menu_order":1,"comment_status":"closed","ping_status":"closed","template":"","meta":{"footnotes":""},"aioseo_notices":[],"_links":{"self":[{"href":"https:\/\/www.roterdrache.org\/cms\/wp-json\/wp\/v2\/pages\/5"}],"collection":[{"href":"https:\/\/www.roterdrache.org\/cms\/wp-json\/wp\/v2\/pages"}],"about":[{"href":"https:\/\/www.roterdrache.org\/cms\/wp-json\/wp\/v2\/types\/page"}],"author":[{"embeddable":true,"href":"https:\/\/www.roterdrache.org\/cms\/wp-json\/wp\/v2\/users\/2"}],"replies":[{"embeddable":true,"href":"https:\/\/www.roterdrache.org\/cms\/wp-json\/wp\/v2\/comments?post=5"}],"version-history":[{"count":286,"href":"https:\/\/www.roterdrache.org\/cms\/wp-json\/wp\/v2\/pages\/5\/revisions"}],"predecessor-version":[{"id":5419,"href":"https:\/\/www.roterdrache.org\/cms\/wp-json\/wp\/v2\/pages\/5\/revisions\/5419"}],"wp:attachment":[{"href":"https:\/\/www.roterdrache.org\/cms\/wp-json\/wp\/v2\/media?parent=5"}],"curies":[{"name":"wp","href":"https:\/\/api.w.org\/{rel}","templated":true}]}}