{"id":4903,"date":"2024-05-09T21:04:29","date_gmt":"2024-05-09T19:04:29","guid":{"rendered":"https:\/\/www.roterdrache.org\/cms\/?page_id=4903"},"modified":"2025-07-17T16:43:15","modified_gmt":"2025-07-17T14:43:15","slug":"illustrierte-buecher","status":"publish","type":"page","link":"https:\/\/www.roterdrache.org\/cms\/illustrierte-buecher\/","title":{"rendered":"Illustrierte B\u00fccher"},"content":{"rendered":"\t\t<div data-elementor-type=\"wp-page\" data-elementor-id=\"4903\" class=\"elementor elementor-4903\">\n\t\t\t\t<div class=\"elementor-element elementor-element-1232f32 e-flex e-con-boxed e-con e-parent\" data-id=\"1232f32\" data-element_type=\"container\">\n\t\t\t\t\t<div class=\"e-con-inner\">\n\t\t\t\t<div class=\"elementor-element elementor-element-724868c elementor-widget elementor-widget-heading\" data-id=\"724868c\" data-element_type=\"widget\" data-widget_type=\"heading.default\">\n\t\t\t\t<div class=\"elementor-widget-container\">\n\t\t\t<style>\/*! elementor - v3.23.0 - 05-08-2024 *\/\n.elementor-heading-title{padding:0;margin:0;line-height:1}.elementor-widget-heading .elementor-heading-title[class*=elementor-size-]>a{color:inherit;font-size:inherit;line-height:inherit}.elementor-widget-heading .elementor-heading-title.elementor-size-small{font-size:15px}.elementor-widget-heading .elementor-heading-title.elementor-size-medium{font-size:19px}.elementor-widget-heading .elementor-heading-title.elementor-size-large{font-size:29px}.elementor-widget-heading .elementor-heading-title.elementor-size-xl{font-size:39px}.elementor-widget-heading .elementor-heading-title.elementor-size-xxl{font-size:59px}<\/style><h2 class=\"elementor-heading-title elementor-size-default\">Illustrierte B\u00fccher<\/h2>\t\t<\/div>\n\t\t\t\t<\/div>\n\t\t\t\t\t<\/div>\n\t\t\t\t<\/div>\n\t\t<div class=\"elementor-element elementor-element-a278cd7 e-grid e-con-boxed e-con e-parent\" data-id=\"a278cd7\" data-element_type=\"container\">\n\t\t\t\t\t<div class=\"e-con-inner\">\n\t\t\t\t<div class=\"elementor-element elementor-element-77add9d elementor-widget elementor-widget-image\" data-id=\"77add9d\" data-element_type=\"widget\" data-widget_type=\"image.default\">\n\t\t\t\t<div class=\"elementor-widget-container\">\n\t\t\t<style>\/*! elementor - v3.23.0 - 05-08-2024 *\/\n.elementor-widget-image{text-align:center}.elementor-widget-image a{display:inline-block}.elementor-widget-image a img[src$=\".svg\"]{width:48px}.elementor-widget-image img{vertical-align:middle;display:inline-block}<\/style>\t\t\t\t\t\t\t<figure class=\"wp-caption\">\n\t\t\t\t\t\t\t\t\t\t\t<a href=\"https:\/\/www.roterdrache.org\/catalog\/Belletristik-Roman-Satire\/Troll::315.html\">\n\t\t\t\t\t\t\t<img fetchpriority=\"high\" decoding=\"async\" width=\"300\" height=\"297\" src=\"https:\/\/www.roterdrache.org\/cms\/wp-content\/uploads\/2024\/05\/Troll-300x297.jpg\" class=\"attachment-medium size-medium wp-image-4905\" alt=\"\" srcset=\"https:\/\/www.roterdrache.org\/cms\/wp-content\/uploads\/2024\/05\/Troll-300x297.jpg 300w, https:\/\/www.roterdrache.org\/cms\/wp-content\/uploads\/2024\/05\/Troll-150x150.jpg 150w, https:\/\/www.roterdrache.org\/cms\/wp-content\/uploads\/2024\/05\/Troll.jpg 720w\" sizes=\"(max-width: 300px) 100vw, 300px\" \/>\t\t\t\t\t\t\t\t<\/a>\n\t\t\t\t\t\t\t\t\t\t\t<figcaption class=\"widget-image-caption wp-caption-text\">Mit H\u00f6rbuch<\/figcaption>\n\t\t\t\t\t\t\t\t\t\t<\/figure>\n\t\t\t\t\t\t\t<\/div>\n\t\t\t\t<\/div>\n\t\t\t\t<div class=\"elementor-element elementor-element-8c008e7 elementor-widget elementor-widget-image\" data-id=\"8c008e7\" data-element_type=\"widget\" data-widget_type=\"image.default\">\n\t\t\t\t<div class=\"elementor-widget-container\">\n\t\t\t\t\t\t\t\t\t\t<figure class=\"wp-caption\">\n\t\t\t\t\t\t\t\t\t\t\t<a href=\"https:\/\/www.roterdrache.org\/catalog\/Belletristik-Roman-Satire\/ABRAXAS-Ein-Rabenmaerchen::332.html\">\n\t\t\t\t\t\t\t<img decoding=\"async\" width=\"300\" height=\"297\" src=\"https:\/\/www.roterdrache.org\/cms\/wp-content\/uploads\/2024\/05\/Abraxas-300x297.jpg\" class=\"attachment-medium size-medium wp-image-4909\" alt=\"\" srcset=\"https:\/\/www.roterdrache.org\/cms\/wp-content\/uploads\/2024\/05\/Abraxas-300x297.jpg 300w, https:\/\/www.roterdrache.org\/cms\/wp-content\/uploads\/2024\/05\/Abraxas-150x150.jpg 150w, https:\/\/www.roterdrache.org\/cms\/wp-content\/uploads\/2024\/05\/Abraxas.jpg 721w\" sizes=\"(max-width: 300px) 100vw, 300px\" \/>\t\t\t\t\t\t\t\t<\/a>\n\t\t\t\t\t\t\t\t\t\t\t<figcaption class=\"widget-image-caption wp-caption-text\">Hardcover<\/figcaption>\n\t\t\t\t\t\t\t\t\t\t<\/figure>\n\t\t\t\t\t\t\t<\/div>\n\t\t\t\t<\/div>\n\t\t\t\t<div class=\"elementor-element elementor-element-515cfda elementor-widget elementor-widget-image\" data-id=\"515cfda\" data-element_type=\"widget\" data-widget_type=\"image.default\">\n\t\t\t\t<div class=\"elementor-widget-container\">\n\t\t\t\t\t\t\t\t\t\t<figure class=\"wp-caption\">\n\t\t\t\t\t\t\t\t\t\t\t<a href=\"https:\/\/www.roterdrache.org\/catalog\/Belletristik-Roman-Satire\/Das-Koboltikum-inkl-Hoerbuch::186.html\">\n\t\t\t\t\t\t\t<img decoding=\"async\" width=\"300\" height=\"300\" src=\"https:\/\/www.roterdrache.org\/cms\/wp-content\/uploads\/2024\/05\/Das-Koboltikum-300x300.jpg\" class=\"attachment-medium size-medium wp-image-4913\" alt=\"\" srcset=\"https:\/\/www.roterdrache.org\/cms\/wp-content\/uploads\/2024\/05\/Das-Koboltikum-300x300.jpg 300w, https:\/\/www.roterdrache.org\/cms\/wp-content\/uploads\/2024\/05\/Das-Koboltikum-150x150.jpg 150w, https:\/\/www.roterdrache.org\/cms\/wp-content\/uploads\/2024\/05\/Das-Koboltikum.jpg 716w\" sizes=\"(max-width: 300px) 100vw, 300px\" \/>\t\t\t\t\t\t\t\t<\/a>\n\t\t\t\t\t\t\t\t\t\t\t<figcaption class=\"widget-image-caption wp-caption-text\">Mit CD<\/figcaption>\n\t\t\t\t\t\t\t\t\t\t<\/figure>\n\t\t\t\t\t\t\t<\/div>\n\t\t\t\t<\/div>\n\t\t\t\t<div class=\"elementor-element elementor-element-f41bf1e elementor-widget elementor-widget-image\" data-id=\"f41bf1e\" data-element_type=\"widget\" data-widget_type=\"image.default\">\n\t\t\t\t<div class=\"elementor-widget-container\">\n\t\t\t\t\t\t\t\t\t\t<figure class=\"wp-caption\">\n\t\t\t\t\t\t\t\t\t\t\t<a href=\"https:\/\/www.roterdrache.org\/catalog\/Belletristik-Roman-Satire\/Ausflug-mit-Frau-Runkenrettich::168.html\">\n\t\t\t\t\t\t\t<img loading=\"lazy\" decoding=\"async\" width=\"300\" height=\"300\" src=\"https:\/\/www.roterdrache.org\/cms\/wp-content\/uploads\/2024\/05\/Ausflug-mit-Frau-Runkenrettich-300x300.jpg\" class=\"attachment-medium size-medium wp-image-4914\" alt=\"\" srcset=\"https:\/\/www.roterdrache.org\/cms\/wp-content\/uploads\/2024\/05\/Ausflug-mit-Frau-Runkenrettich-300x300.jpg 300w, https:\/\/www.roterdrache.org\/cms\/wp-content\/uploads\/2024\/05\/Ausflug-mit-Frau-Runkenrettich-150x150.jpg 150w, https:\/\/www.roterdrache.org\/cms\/wp-content\/uploads\/2024\/05\/Ausflug-mit-Frau-Runkenrettich.jpg 713w\" sizes=\"(max-width: 300px) 100vw, 300px\" \/>\t\t\t\t\t\t\t\t<\/a>\n\t\t\t\t\t\t\t\t\t\t\t<figcaption class=\"widget-image-caption wp-caption-text\">Eine kleine Geschichte \u00fcber tote Leute<\/figcaption>\n\t\t\t\t\t\t\t\t\t\t<\/figure>\n\t\t\t\t\t\t\t<\/div>\n\t\t\t\t<\/div>\n\t\t\t\t<div class=\"elementor-element elementor-element-08bfd29 elementor-widget elementor-widget-image\" data-id=\"08bfd29\" data-element_type=\"widget\" data-widget_type=\"image.default\">\n\t\t\t\t<div class=\"elementor-widget-container\">\n\t\t\t\t\t\t\t\t\t\t<figure class=\"wp-caption\">\n\t\t\t\t\t\t\t\t\t\t\t<a href=\"https:\/\/www.roterdrache.org\/catalog\/Belletristik-Roman-Satire\/IGLIG-Eine-Geschichte-mit-Stacheln::233.html\">\n\t\t\t\t\t\t\t<img loading=\"lazy\" decoding=\"async\" width=\"300\" height=\"297\" src=\"https:\/\/www.roterdrache.org\/cms\/wp-content\/uploads\/2024\/05\/Iglig-300x297.jpg\" class=\"attachment-medium size-medium wp-image-4915\" alt=\"\" srcset=\"https:\/\/www.roterdrache.org\/cms\/wp-content\/uploads\/2024\/05\/Iglig-300x297.jpg 300w, https:\/\/www.roterdrache.org\/cms\/wp-content\/uploads\/2024\/05\/Iglig-150x150.jpg 150w, https:\/\/www.roterdrache.org\/cms\/wp-content\/uploads\/2024\/05\/Iglig.jpg 720w\" sizes=\"(max-width: 300px) 100vw, 300px\" \/>\t\t\t\t\t\t\t\t<\/a>\n\t\t\t\t\t\t\t\t\t\t\t<figcaption class=\"widget-image-caption wp-caption-text\">Egal, auch wenn du anders bist<\/figcaption>\n\t\t\t\t\t\t\t\t\t\t<\/figure>\n\t\t\t\t\t\t\t<\/div>\n\t\t\t\t<\/div>\n\t\t\t\t<div class=\"elementor-element elementor-element-5eadd99 elementor-widget elementor-widget-image\" data-id=\"5eadd99\" data-element_type=\"widget\" data-widget_type=\"image.default\">\n\t\t\t\t<div class=\"elementor-widget-container\">\n\t\t\t\t\t\t\t\t\t\t<figure class=\"wp-caption\">\n\t\t\t\t\t\t\t\t\t\t\t<a href=\"https:\/\/www.roterdrache.org\/catalog\/Belletristik-Roman-Satire\/Felix::162.html\">\n\t\t\t\t\t\t\t<img loading=\"lazy\" decoding=\"async\" width=\"150\" height=\"150\" src=\"https:\/\/www.roterdrache.org\/cms\/wp-content\/uploads\/2024\/05\/Felix-150x150.jpg\" class=\"attachment-thumbnail size-thumbnail wp-image-4919\" alt=\"\" srcset=\"https:\/\/www.roterdrache.org\/cms\/wp-content\/uploads\/2024\/05\/Felix-150x150.jpg 150w, https:\/\/www.roterdrache.org\/cms\/wp-content\/uploads\/2024\/05\/Felix-300x300.jpg 300w, https:\/\/www.roterdrache.org\/cms\/wp-content\/uploads\/2024\/05\/Felix.jpg 717w\" sizes=\"(max-width: 150px) 100vw, 150px\" \/>\t\t\t\t\t\t\t\t<\/a>\n\t\t\t\t\t\t\t\t\t\t\t<figcaption class=\"widget-image-caption wp-caption-text\">Sei was immer du sein willst - Ausverkauft<\/figcaption>\n\t\t\t\t\t\t\t\t\t\t<\/figure>\n\t\t\t\t\t\t\t<\/div>\n\t\t\t\t<\/div>\n\t\t\t\t<div class=\"elementor-element elementor-element-13dfb20 elementor-widget elementor-widget-image\" data-id=\"13dfb20\" data-element_type=\"widget\" data-widget_type=\"image.default\">\n\t\t\t\t<div class=\"elementor-widget-container\">\n\t\t\t\t\t\t\t\t\t\t<figure class=\"wp-caption\">\n\t\t\t\t\t\t\t\t\t\t\t<a href=\"https:\/\/www.roterdrache.org\/catalog\/Belletristik-Roman-Satire\/Tintenphoenix::238.html\">\n\t\t\t\t\t\t\t<img loading=\"lazy\" decoding=\"async\" width=\"214\" height=\"300\" src=\"https:\/\/www.roterdrache.org\/cms\/wp-content\/uploads\/2024\/05\/Tintenphonix-214x300.jpg\" class=\"attachment-medium size-medium wp-image-4923\" alt=\"\" srcset=\"https:\/\/www.roterdrache.org\/cms\/wp-content\/uploads\/2024\/05\/Tintenphonix-214x300.jpg 214w, https:\/\/www.roterdrache.org\/cms\/wp-content\/uploads\/2024\/05\/Tintenphonix.jpg 507w\" sizes=\"(max-width: 214px) 100vw, 214px\" \/>\t\t\t\t\t\t\t\t<\/a>\n\t\t\t\t\t\t\t\t\t\t\t<figcaption class=\"widget-image-caption wp-caption-text\">Hardcover<\/figcaption>\n\t\t\t\t\t\t\t\t\t\t<\/figure>\n\t\t\t\t\t\t\t<\/div>\n\t\t\t\t<\/div>\n\t\t\t\t<div class=\"elementor-element elementor-element-789a8a7 elementor-widget elementor-widget-image\" data-id=\"789a8a7\" data-element_type=\"widget\" data-widget_type=\"image.default\">\n\t\t\t\t<div class=\"elementor-widget-container\">\n\t\t\t\t\t\t\t\t\t\t<figure class=\"wp-caption\">\n\t\t\t\t\t\t\t\t\t\t\t<a href=\"https:\/\/www.roterdrache.org\/catalog\/Kinder-und-Jugendbuecher\/Der-kleine-Golem::245.html\">\n\t\t\t\t\t\t\t<img loading=\"lazy\" decoding=\"async\" width=\"300\" height=\"298\" src=\"https:\/\/www.roterdrache.org\/cms\/wp-content\/uploads\/2024\/05\/Der-kleine-Golem-300x298.jpg\" class=\"attachment-medium size-medium wp-image-4925\" alt=\"\" srcset=\"https:\/\/www.roterdrache.org\/cms\/wp-content\/uploads\/2024\/05\/Der-kleine-Golem-300x298.jpg 300w, https:\/\/www.roterdrache.org\/cms\/wp-content\/uploads\/2024\/05\/Der-kleine-Golem-150x150.jpg 150w, https:\/\/www.roterdrache.org\/cms\/wp-content\/uploads\/2024\/05\/Der-kleine-Golem.jpg 717w\" sizes=\"(max-width: 300px) 100vw, 300px\" \/>\t\t\t\t\t\t\t\t<\/a>\n\t\t\t\t\t\t\t\t\t\t\t<figcaption class=\"widget-image-caption wp-caption-text\">Harcover<\/figcaption>\n\t\t\t\t\t\t\t\t\t\t<\/figure>\n\t\t\t\t\t\t\t<\/div>\n\t\t\t\t<\/div>\n\t\t\t\t<div class=\"elementor-element elementor-element-1f0b8e4 elementor-widget elementor-widget-image\" data-id=\"1f0b8e4\" data-element_type=\"widget\" data-widget_type=\"image.default\">\n\t\t\t\t<div class=\"elementor-widget-container\">\n\t\t\t\t\t\t\t\t\t\t<figure class=\"wp-caption\">\n\t\t\t\t\t\t\t\t\t\t\t<a href=\"https:\/\/www.roterdrache.org\/catalog\/Belletristik-Roman-Satire\/Das-Zwergenkompendium::404.html\">\n\t\t\t\t\t\t\t<img loading=\"lazy\" decoding=\"async\" width=\"300\" height=\"300\" src=\"https:\/\/www.roterdrache.org\/cms\/wp-content\/uploads\/2025\/04\/Das-Zwerkenkompendium-300x300.jpg\" class=\"attachment-medium size-medium wp-image-5314\" alt=\"Zwergenkompendium\" srcset=\"https:\/\/www.roterdrache.org\/cms\/wp-content\/uploads\/2025\/04\/Das-Zwerkenkompendium-300x300.jpg 300w, https:\/\/www.roterdrache.org\/cms\/wp-content\/uploads\/2025\/04\/Das-Zwerkenkompendium-1021x1024.jpg 1021w, https:\/\/www.roterdrache.org\/cms\/wp-content\/uploads\/2025\/04\/Das-Zwerkenkompendium-150x150.jpg 150w, https:\/\/www.roterdrache.org\/cms\/wp-content\/uploads\/2025\/04\/Das-Zwerkenkompendium-768x770.jpg 768w, https:\/\/www.roterdrache.org\/cms\/wp-content\/uploads\/2025\/04\/Das-Zwerkenkompendium-1531x1536.jpg 1531w, https:\/\/www.roterdrache.org\/cms\/wp-content\/uploads\/2025\/04\/Das-Zwerkenkompendium-2042x2048.jpg 2042w\" sizes=\"(max-width: 300px) 100vw, 300px\" \/>\t\t\t\t\t\t\t\t<\/a>\n\t\t\t\t\t\t\t\t\t\t\t<figcaption class=\"widget-image-caption wp-caption-text\">Hardcover<\/figcaption>\n\t\t\t\t\t\t\t\t\t\t<\/figure>\n\t\t\t\t\t\t\t<\/div>\n\t\t\t\t<\/div>\n\t\t\t\t\t<\/div>\n\t\t\t\t<\/div>\n\t\t\t\t<\/div>\n\t\t","protected":false},"excerpt":{"rendered":"<p>Illustrierte B\u00fccher Mit H\u00f6rbuch Hardcover Mit CD Eine kleine Geschichte \u00fcber tote Leute Egal, auch wenn du anders bist Sei was immer du sein willst &#8211; Ausverkauft Hardcover Harcover Hardcover<\/p>\n","protected":false},"author":2,"featured_media":0,"parent":0,"menu_order":0,"comment_status":"closed","ping_status":"closed","template":"","meta":{"footnotes":""},"aioseo_notices":[],"_links":{"self":[{"href":"https:\/\/www.roterdrache.org\/cms\/wp-json\/wp\/v2\/pages\/4903"}],"collection":[{"href":"https:\/\/www.roterdrache.org\/cms\/wp-json\/wp\/v2\/pages"}],"about":[{"href":"https:\/\/www.roterdrache.org\/cms\/wp-json\/wp\/v2\/types\/page"}],"author":[{"embeddable":true,"href":"https:\/\/www.roterdrache.org\/cms\/wp-json\/wp\/v2\/users\/2"}],"replies":[{"embeddable":true,"href":"https:\/\/www.roterdrache.org\/cms\/wp-json\/wp\/v2\/comments?post=4903"}],"version-history":[{"count":22,"href":"https:\/\/www.roterdrache.org\/cms\/wp-json\/wp\/v2\/pages\/4903\/revisions"}],"predecessor-version":[{"id":5336,"href":"https:\/\/www.roterdrache.org\/cms\/wp-json\/wp\/v2\/pages\/4903\/revisions\/5336"}],"wp:attachment":[{"href":"https:\/\/www.roterdrache.org\/cms\/wp-json\/wp\/v2\/media?parent=4903"}],"curies":[{"name":"wp","href":"https:\/\/api.w.org\/{rel}","templated":true}]}}