{"id":19,"date":"2013-09-27T09:16:56","date_gmt":"2013-09-27T07:16:56","guid":{"rendered":"http:\/\/test.roterdrache.org\/?page_id=19"},"modified":"2024-05-11T14:16:10","modified_gmt":"2024-05-11T12:16:10","slug":"verlagsphilosophie","status":"publish","type":"page","link":"https:\/\/www.roterdrache.org\/cms\/verlagsphilosophie\/","title":{"rendered":"Verlagsphilosophie"},"content":{"rendered":"<div class=\"wp-block-image\">\n<figure class=\"alignleft\"><img decoding=\"async\" src=\"http:\/\/roterdrache.org\/images\/roter_drache_edition.gif\" alt=\"\"\/><\/figure><\/div>\n\n\n<p><span data-offset-key=\"5lqhe-0-0\">Die Edition Roter Drache ist ein, im Jahr 2006 gegr\u00fcndeter Independent-Verlag mit Sitz im Sauerland. Thematische Schwerpunkte sind die Phantastik mit all ihren Spielarten (Steampunk, Fantasy, Thriller, Horror) und Heidentum. Dar\u00fcber hinaus f\u00fchren wir Krimi, Satire, Biografien, Sachb\u00fccher, <span data-offset-key=\"5lqhe-0-0\">sowie<\/span><\/span> <span data-offset-key=\"5lqhe-0-0\">Kinder- und Jugendb\u00fccher.<\/span><\/p>\n\n\n\n<p>Wir beliefern sowohl Gesch\u00e4fts- wie auch Privatkunden direkt oder \u00fcber die Barsortimente. <strong>Ausgenommen hiervon sind Rechtspopulisten, Querdenker, Nazis u.\u00e4., egal ob H\u00e4ndler oder Privatpersonen. Wir wollen Euch nicht, wir wollen nicht, dass ihr unsere B\u00fccher einkauft, verkauft, lest oder empfehlt.<\/strong><\/p>\n\n\n\n<p>Ausdr\u00fccklich ver\u00f6ffentlichen wir KEINE B\u00fccher mit politischen Themen oder ansatzweise rassistischen oder rechtskonservativen Inhalten sowie Lyrik, Gesundheits- und Wellnessliteratur.<\/p>\n\n\n\n<p>Wenn wir ein Manuskript ablehnen, bedeutet das nicht, dass wir es f\u00fcr \u201eschlecht\u201c befinden, sondern nur dass dieses Thema nicht zu uns passt, denn wir ver\u00f6ffentlichen nur B\u00fccher die wir auch selber lesen w\u00fcrden.<\/p>\n\n\n\n<p><\/p>\n","protected":false},"excerpt":{"rendered":"<p>Die Edition Roter Drache ist ein, im Jahr 2006 gegr\u00fcndeter Independent-Verlag mit Sitz im Sauerland. Thematische Schwerpunkte sind die Phantastik mit all ihren Spielarten (Steampunk, Fantasy, Thriller, Horror) und Heidentum.<\/p>\n<p><a class=\"more-link\" href=\"https:\/\/www.roterdrache.org\/cms\/verlagsphilosophie\/\">Read more<\/a><\/p>\n","protected":false},"author":2,"featured_media":0,"parent":0,"menu_order":5,"comment_status":"closed","ping_status":"closed","template":"","meta":{"footnotes":""},"aioseo_notices":[],"_links":{"self":[{"href":"https:\/\/www.roterdrache.org\/cms\/wp-json\/wp\/v2\/pages\/19"}],"collection":[{"href":"https:\/\/www.roterdrache.org\/cms\/wp-json\/wp\/v2\/pages"}],"about":[{"href":"https:\/\/www.roterdrache.org\/cms\/wp-json\/wp\/v2\/types\/page"}],"author":[{"embeddable":true,"href":"https:\/\/www.roterdrache.org\/cms\/wp-json\/wp\/v2\/users\/2"}],"replies":[{"embeddable":true,"href":"https:\/\/www.roterdrache.org\/cms\/wp-json\/wp\/v2\/comments?post=19"}],"version-history":[{"count":18,"href":"https:\/\/www.roterdrache.org\/cms\/wp-json\/wp\/v2\/pages\/19\/revisions"}],"predecessor-version":[{"id":4987,"href":"https:\/\/www.roterdrache.org\/cms\/wp-json\/wp\/v2\/pages\/19\/revisions\/4987"}],"wp:attachment":[{"href":"https:\/\/www.roterdrache.org\/cms\/wp-json\/wp\/v2\/media?parent=19"}],"curies":[{"name":"wp","href":"https:\/\/api.w.org\/{rel}","templated":true}]}}